{"id":1254,"date":"2023-05-20T08:49:09","date_gmt":"2023-05-20T06:49:09","guid":{"rendered":"https:\/\/www.votarepa.it\/voto\/?page_id=1254"},"modified":"2023-05-20T08:57:35","modified_gmt":"2023-05-20T06:57:35","slug":"politiche-per-la-qualita","status":"publish","type":"page","link":"https:\/\/www.votarepa.it\/voto\/?page_id=1254","title":{"rendered":"Politiche per la qualit\u00e0"},"content":{"rendered":"\t\t<div data-elementor-type=\"wp-page\" data-elementor-id=\"1254\" class=\"elementor elementor-1254\" data-elementor-settings=\"[]\">\n\t\t\t\t\t\t\t<div class=\"elementor-section-wrap\">\n\t\t\t\t\t\t\t<section class=\"elementor-section elementor-top-section elementor-element elementor-element-f1b0100 elementor-section-boxed elementor-section-height-default elementor-section-height-default\" data-id=\"f1b0100\" data-element_type=\"section\">\n\t\t\t\t\t\t<div class=\"elementor-container elementor-column-gap-default\">\n\t\t\t\t\t<div class=\"elementor-column elementor-col-100 elementor-top-column elementor-element elementor-element-8db1e79\" data-id=\"8db1e79\" data-element_type=\"column\">\n\t\t\t<div class=\"elementor-widget-wrap elementor-element-populated\">\n\t\t\t\t\t\t\t\t<div class=\"elementor-element elementor-element-b774dfb elementor-widget elementor-widget-heading\" data-id=\"b774dfb\" data-element_type=\"widget\" data-widget_type=\"heading.default\">\n\t\t\t\t<div class=\"elementor-widget-container\">\n\t\t\t<h2 class=\"elementor-heading-title elementor-size-xxl\">La mission del progetto<\/h2>\t\t<\/div>\n\t\t\t\t<\/div>\n\t\t\t\t\t<\/div>\n\t\t<\/div>\n\t\t\t\t\t\t\t<\/div>\n\t\t<\/section>\n\t\t\t\t<section class=\"elementor-section elementor-top-section elementor-element elementor-element-bd93e5d elementor-section-boxed elementor-section-height-default elementor-section-height-default\" data-id=\"bd93e5d\" data-element_type=\"section\">\n\t\t\t\t\t\t<div class=\"elementor-container elementor-column-gap-default\">\n\t\t\t\t\t<div class=\"elementor-column elementor-col-100 elementor-top-column elementor-element elementor-element-a32818b\" data-id=\"a32818b\" data-element_type=\"column\">\n\t\t\t<div class=\"elementor-widget-wrap elementor-element-populated\">\n\t\t\t\t\t\t\t\t<div class=\"elementor-element elementor-element-21a0b16 elementor-widget elementor-widget-spacer\" data-id=\"21a0b16\" data-element_type=\"widget\" data-widget_type=\"spacer.default\">\n\t\t\t\t<div class=\"elementor-widget-container\">\n\t\t\t\t\t<div class=\"elementor-spacer\">\n\t\t\t<div class=\"elementor-spacer-inner\"><\/div>\n\t\t<\/div>\n\t\t\t\t<\/div>\n\t\t\t\t<\/div>\n\t\t\t\t<div class=\"elementor-element elementor-element-bd38514 elementor-widget elementor-widget-text-editor\" data-id=\"bd38514\" data-element_type=\"widget\" data-widget_type=\"text-editor.default\">\n\t\t\t\t<div class=\"elementor-widget-container\">\n\t\t\t\t\t\t\t\t<h4 dir=\"ltr\">con questo portale si intende gestire ed <em>assicurare la confomit\u00e0 del sistema di gestione della Doubling Srl allo standard internazionale ISO 9001 per il seguente ambito di applicazione &#8220;Progettazione e sviluppo di soluzioni in ambito organizzativo ed informatico su piattaforme cloud&#8221;<\/em><\/h4>\t\t\t\t\t\t<\/div>\n\t\t\t\t<\/div>\n\t\t\t\t\t<\/div>\n\t\t<\/div>\n\t\t\t\t\t\t\t<\/div>\n\t\t<\/section>\n\t\t\t\t<section class=\"elementor-section elementor-top-section elementor-element elementor-element-464728e elementor-section-boxed elementor-section-height-default elementor-section-height-default\" data-id=\"464728e\" data-element_type=\"section\">\n\t\t\t\t\t\t<div class=\"elementor-container elementor-column-gap-default\">\n\t\t\t\t\t<div class=\"elementor-column elementor-col-100 elementor-top-column elementor-element elementor-element-e8beb1f\" data-id=\"e8beb1f\" data-element_type=\"column\">\n\t\t\t<div class=\"elementor-widget-wrap elementor-element-populated\">\n\t\t\t\t\t\t\t\t<div class=\"elementor-element elementor-element-7a36f1e elementor-widget elementor-widget-text-editor\" data-id=\"7a36f1e\" data-element_type=\"widget\" data-widget_type=\"text-editor.default\">\n\t\t\t\t<div class=\"elementor-widget-container\">\n\t\t\t\t\t\t\t\t<p dir=\"ltr\">Consapevoli del costante innalzamento delle aspettative dei Clienti in termini di qualit\u00e0 dei servizi erogati, l\u2019azienda Doubling Srl ha adottato un Sistema di Gestione Qualit\u00e0 conforme alla norma UNI EN ISO 9001:2015. Il Sistema di Gestione Qualit\u00e0 rappresenta la metodologia di gestione aziendale per il raggiungimento dei seguenti obiettivi strategici:\u00a0<\/p><ol><li dir=\"ltr\" aria-level=\"1\"><p dir=\"ltr\" role=\"presentation\">Migliorare l\u2019efficienza organizzativa;<\/p><\/li><li dir=\"ltr\" aria-level=\"1\"><p dir=\"ltr\" role=\"presentation\">Incrementare la cultura aziendale per la qualit\u00e0 improntandola al miglioramento continuo del sistema di gestione per la Qualit\u00e0;<\/p><\/li><li dir=\"ltr\" aria-level=\"1\"><p dir=\"ltr\" role=\"presentation\">Orientare l\u2019organizzazione alla soddisfazione del Cliente in modo da comprendere e prevenire le esigenze esplicite ed implicite, presenti e future, rispettarne i requisiti applicabili e superarne le aspettative;<\/p><\/li><li dir=\"ltr\" aria-level=\"1\"><p dir=\"ltr\" role=\"presentation\">Perseguire la qualit\u00e0 del servizio in termini di affidabilit\u00e0, innovazione e utilit\u00e0 per il cliente con particolare riferimento al ciclo di vita dello stesso;\u00a0<\/p><\/li><li dir=\"ltr\" aria-level=\"1\"><p dir=\"ltr\" role=\"presentation\">Adottare un approccio organizzativo per processi basato sull\u2019analisi delle parti interessate, sull\u2019analisi del contesto e sulla gestione dei rischi di business (risk-based-thinking);<\/p><\/li><li dir=\"ltr\" aria-level=\"1\"><p dir=\"ltr\" role=\"presentation\">Valorizzare il capitale umano favorendo l\u2019orientamento al Cliente e l\u2019accrescimento delle competenze professionali; educare ed accrescere continuamente la consapevolezza e la sensibilit\u00e0 del personale aziendale verso la soddisfazione del cliente;<\/p><\/li><li dir=\"ltr\" aria-level=\"1\"><p dir=\"ltr\" role=\"presentation\">Garantire la continuit\u00e0 dei servizi attraverso l\u2019efficienza delle infrastrutture aziendali adeguandola all\u2019evoluzione tecnologica;<\/p><\/li><li dir=\"ltr\" aria-level=\"1\"><p dir=\"ltr\" role=\"presentation\">Stabilire rapporti di reciproco beneficio con i fornitori in modo da creare valore reciproco e verso il cliente;<\/p><\/li><li dir=\"ltr\" aria-level=\"1\"><p dir=\"ltr\" role=\"presentation\">Impegno al soddisfacimento e al rispetto dei requisiti applicabili ovvero ai requisiti definiti dal cliente per il servizio erogato e dalla normativa vigente.<\/p><\/li><\/ol><p dir=\"ltr\">La Direzione della Doubling Srl s\u2019impegna a destinare adeguate risorse, umane, tecniche ed economiche alla piena attuazione della presente Politica Qualit\u00e0 nonch\u00e9 ad assicurare che il presente documento sia diffuso e comunicato a tutte le persone che lavorano per l\u2019Organizzazione o per conto di essa quindi a clienti, fornitori e a tutte le parti interessate. La presente politica viene esplicitata annualmente attraverso specifici obiettivi qualit\u00e0 esposti nel documento denominato \u201cQuadro degli obiettivi di miglioramento\u201d.<\/p><p dir=\"ltr\">L&#8217;Organizzazione s\u2019impegna inoltre a monitorare costantemente il perseguimento di tali impegni al fine di perseguire il miglioramento continuo del sistema di gestione per la qualit\u00e0, attraverso: cicli periodici di audit interni di sistema, riesame degli Obiettivi e della presente Politica almeno annualmente e ogni qualvolta le esigenze contingenti lo rendano necessario.<\/p><p dir=\"ltr\">Roma, 27 gennaio 2023<\/p>\t\t\t\t\t\t<\/div>\n\t\t\t\t<\/div>\n\t\t\t\t\t<\/div>\n\t\t<\/div>\n\t\t\t\t\t\t\t<\/div>\n\t\t<\/section>\n\t\t\t\t\t\t<\/div>\n\t\t\t\t\t<\/div>\n\t\t","protected":false},"excerpt":{"rendered":"<p>La mission del progetto con questo portale si intende gestire ed assicurare la confomit\u00e0 del sistema di gestione della Doubling Srl allo standard internazionale ISO 9001 per il seguente ambito &#8230;<\/p>\n","protected":false},"author":1,"featured_media":0,"parent":0,"menu_order":0,"comment_status":"closed","ping_status":"closed","template":"","meta":{"footnotes":""},"class_list":["post-1254","page","type-page","status-publish","hentry"],"_links":{"self":[{"href":"https:\/\/www.votarepa.it\/voto\/index.php?rest_route=\/wp\/v2\/pages\/1254","targetHints":{"allow":["GET"]}}],"collection":[{"href":"https:\/\/www.votarepa.it\/voto\/index.php?rest_route=\/wp\/v2\/pages"}],"about":[{"href":"https:\/\/www.votarepa.it\/voto\/index.php?rest_route=\/wp\/v2\/types\/page"}],"author":[{"embeddable":true,"href":"https:\/\/www.votarepa.it\/voto\/index.php?rest_route=\/wp\/v2\/users\/1"}],"replies":[{"embeddable":true,"href":"https:\/\/www.votarepa.it\/voto\/index.php?rest_route=%2Fwp%2Fv2%2Fcomments&post=1254"}],"version-history":[{"count":9,"href":"https:\/\/www.votarepa.it\/voto\/index.php?rest_route=\/wp\/v2\/pages\/1254\/revisions"}],"predecessor-version":[{"id":1265,"href":"https:\/\/www.votarepa.it\/voto\/index.php?rest_route=\/wp\/v2\/pages\/1254\/revisions\/1265"}],"wp:attachment":[{"href":"https:\/\/www.votarepa.it\/voto\/index.php?rest_route=%2Fwp%2Fv2%2Fmedia&parent=1254"}],"curies":[{"name":"wp","href":"https:\/\/api.w.org\/{rel}","templated":true}]}}